{"id":6022,"date":"2022-01-25T00:46:53","date_gmt":"2022-01-24T22:46:53","guid":{"rendered":"http:\/\/www.retalgroup.com\/rd\/"},"modified":"2022-02-01T10:09:56","modified_gmt":"2022-02-01T08:09:56","slug":"research-and-development","status":"publish","type":"page","link":"https:\/\/www.retalgroup.com\/de\/research-and-development\/","title":{"rendered":"R&#038;D"},"content":{"rendered":"<p>RETAL ist ein kundenorientiertes Unternehmen, das eine gro\u00dfe Bandbreite an Dienstleistungen und L\u00f6sungen anbietet.<\/p>\n<p>Vom Design und der Entwicklung von Prototypen bis hin zur Markteinf\u00fchrung des Endproduktes kreiert RETAL ma\u00dfgeschneiderte L\u00f6sungen, auf die Sie sich verlassen k\u00f6nnen.<\/p>\n","protected":false},"excerpt":{"rendered":"<p>RETAL ist ein kundenorientiertes Unternehmen, das eine gro\u00dfe Bandbreite an Dienstleistungen und L\u00f6sungen anbietet. Vom Design und der Entwicklung von Prototypen bis hin zur Markteinf\u00fchrung des Endproduktes kreiert RETAL ma\u00dfgeschneiderte L\u00f6sungen, auf die Sie sich verlassen k\u00f6nnen.<\/p>\n","protected":false},"author":1,"featured_media":0,"parent":0,"menu_order":179,"comment_status":"closed","ping_status":"closed","template":"templates\/r&d.php","meta":{"footnotes":""},"class_list":["post-6022","page","type-page","status-publish","hentry"],"acf":[],"_links":{"self":[{"href":"https:\/\/www.retalgroup.com\/de\/wp-json\/wp\/v2\/pages\/6022","targetHints":{"allow":["GET"]}}],"collection":[{"href":"https:\/\/www.retalgroup.com\/de\/wp-json\/wp\/v2\/pages"}],"about":[{"href":"https:\/\/www.retalgroup.com\/de\/wp-json\/wp\/v2\/types\/page"}],"author":[{"embeddable":true,"href":"https:\/\/www.retalgroup.com\/de\/wp-json\/wp\/v2\/users\/1"}],"replies":[{"embeddable":true,"href":"https:\/\/www.retalgroup.com\/de\/wp-json\/wp\/v2\/comments?post=6022"}],"version-history":[{"count":1,"href":"https:\/\/www.retalgroup.com\/de\/wp-json\/wp\/v2\/pages\/6022\/revisions"}],"predecessor-version":[{"id":6026,"href":"https:\/\/www.retalgroup.com\/de\/wp-json\/wp\/v2\/pages\/6022\/revisions\/6026"}],"wp:attachment":[{"href":"https:\/\/www.retalgroup.com\/de\/wp-json\/wp\/v2\/media?parent=6022"}],"curies":[{"name":"wp","href":"https:\/\/api.w.org\/{rel}","templated":true}]}}