{"id":6085,"date":"2022-01-26T00:00:15","date_gmt":"2022-01-25T22:00:15","guid":{"rendered":"http:\/\/www.retalgroup.com\/nutzungsbedingungen\/"},"modified":"2022-01-26T00:05:48","modified_gmt":"2022-01-25T22:05:48","slug":"terms-of-use","status":"publish","type":"page","link":"https:\/\/www.retalgroup.com\/de\/terms-of-use\/","title":{"rendered":"Nutzungsbedingungen"},"content":{"rendered":"<h2>Allgemeine Informationen<\/h2>\n<p>Die Website wird von RETAL Industries Ltd, einem in der Republik Zypern unter der Nummer NE115887 eingetragenen Unternehmen mit Sitz in Epimitheos, 6 Industrial Area A 3056, Limassol, Zypern, verwaltet. RETAL Industries Ltd h\u00e4lt alle diesbez\u00fcglichen Rechte. <\/p>\n<p>Verweise auf die RETAL Group beziehen sich auf die zur RETAL Industries Limited (Zypern) geh\u00f6renden oder dessen Kontrolle unterstehende Unternehmen (\u201eRETAL Unternehmen\u201c) und andere Unternehmen (\u201eRETAL Partner\u201c), die Kunststoffverpackungen produzieren und\/oder verkaufen und Unternehmen der RETAL Group und\/oder deren Kunden unter dem Namen \u201eRETAL\u201c Dienstleistungen bereitstellen und\/oder mit RETAL Unternehmen zusammenarbeiten.<\/p>\n<p>Die unten angef\u00fchrten Bestimmungen bilden eine rechtlich verbindliche Nutzungsvereinbarung. Sollten Sie irgendeinem Teil dieser Bestimmungen nicht zustimmen, d\u00fcrfen Sie diese Website zu keinerlei Zwecken nutzen. F\u00fcr die Nutzung der Website ist Ihre Zustimmung zu allen unten angef\u00fchrten Bestimmungen erforderlich. <\/p>\n<h2>Copyright<\/h2>\n<p>Das Design, die Inhalte und Bilder auf dieser Website sind urheberrechtlich gesch\u00fctzt und d\u00fcrfen nicht ohne die  ausdr\u00fcckliche und schriftliche Genehmigung von RETAL Industries Ltd verwendet werden.<\/p>\n<h2>Haftung f\u00fcr Inhalte und Links<\/h2>\n<p>Die Informationen auf dieser Website werden regelm\u00e4\u00dfig \u00fcberpr\u00fcft und aktualisiert. Dennoch kann ein Teil der Informationen veraltet, unvollst\u00e4ndig oder falsch sein. RETAL Industries Ltd haftet im gesetzlich vorgesehenen Umfang nicht bzw. \u00fcbernimmt keine Gew\u00e4hr f\u00fcr die Vollst\u00e4ndigkeit, Richtigkeit oder Zug\u00e4nglichkeit der Informationen auf der Website.  Die Nutzung der auf der Website angezeigten Inhalte durch die Besucher erfolgt auf eigene Gefahr. <\/p>\n<p>Die Inhalte auf dieser Website enthalten auch Links zu anderen Websites, die nicht der Kontrolle von RETAL Industries Ltd unterstehen. Dementsprechend haftet RETAL Industries Ltd nicht f\u00fcr die Inhalte, die \u00fcber externe Links zug\u00e4nglich sind, und \u00fcbernimmt daf\u00fcr keine Gew\u00e4hr.   Die verlinkten Websites werden zu jenem Zeitpunkt, zu dem die Links zur Verf\u00fcgung gestellt wurden, auf m\u00f6gliche Rechtsverletzungen hin untersucht. Bei Bekanntwerden von Verletzungen seitens externer Webseiten wird RETAL Industries Ltd die betreffenden Links unverz\u00fcglich entfernen. <\/p>\n<h2>\u00c4nderungen und Aktualisierungen<\/h2>\n<p>RETAL Industries Ltd beh\u00e4lt sich das Recht vor, \u00c4nderungen und\/oder Aktualisierungen der Website nach eigenem Ermessen und ohne vorherige Benachrichtigung vorzunehmen.<\/p>\n<h2>Schlussbestimmungen<\/h2>\n<p>Alle Klagen und Anspr\u00fcche gegen die Website und ihre Nutzung unterliegen unter Ausschluss der Kollisionsnormen zypriotischem Recht und sind entsprechend auszulegen.<\/p>\n","protected":false},"excerpt":{"rendered":"<p>Allgemeine Informationen Die Website wird von RETAL Industries Ltd, einem in der Republik Zypern unter der Nummer NE115887 eingetragenen Unternehmen mit Sitz in Epimitheos, 6 Industrial Area A 3056, Limassol, Zypern, verwaltet. RETAL Industries Ltd h\u00e4lt alle diesbez\u00fcglichen Rechte. Verweise auf die RETAL Group beziehen sich auf die zur RETAL Industries Limited (Zypern) geh\u00f6renden oder [&hellip;]<\/p>\n","protected":false},"author":1,"featured_media":0,"parent":0,"menu_order":191,"comment_status":"closed","ping_status":"closed","template":"","meta":{"footnotes":""},"class_list":["post-6085","page","type-page","status-publish","hentry"],"acf":[],"_links":{"self":[{"href":"https:\/\/www.retalgroup.com\/de\/wp-json\/wp\/v2\/pages\/6085","targetHints":{"allow":["GET"]}}],"collection":[{"href":"https:\/\/www.retalgroup.com\/de\/wp-json\/wp\/v2\/pages"}],"about":[{"href":"https:\/\/www.retalgroup.com\/de\/wp-json\/wp\/v2\/types\/page"}],"author":[{"embeddable":true,"href":"https:\/\/www.retalgroup.com\/de\/wp-json\/wp\/v2\/users\/1"}],"replies":[{"embeddable":true,"href":"https:\/\/www.retalgroup.com\/de\/wp-json\/wp\/v2\/comments?post=6085"}],"version-history":[{"count":1,"href":"https:\/\/www.retalgroup.com\/de\/wp-json\/wp\/v2\/pages\/6085\/revisions"}],"predecessor-version":[{"id":6091,"href":"https:\/\/www.retalgroup.com\/de\/wp-json\/wp\/v2\/pages\/6085\/revisions\/6091"}],"wp:attachment":[{"href":"https:\/\/www.retalgroup.com\/de\/wp-json\/wp\/v2\/media?parent=6085"}],"curies":[{"name":"wp","href":"https:\/\/api.w.org\/{rel}","templated":true}]}}