{"id":6236,"date":"2022-01-28T19:17:44","date_gmt":"2022-01-28T17:17:44","guid":{"rendered":"http:\/\/www.retalgroup.com\/datenschutzbestimmungen\/"},"modified":"2022-01-31T12:14:46","modified_gmt":"2022-01-31T10:14:46","slug":"privacy-policy","status":"publish","type":"page","link":"https:\/\/www.retalgroup.com\/de\/privacy-policy\/","title":{"rendered":"Datenschutzbestimmungen"},"content":{"rendered":"<h2 id=\"policy1\" class=\"filter\"> Cookies<\/h2>\n<p>Um die h\u00f6chsten Qualit\u00e4ts-und Servicestandards bieten zu k\u00f6nnen, sammeln wir bestimmte Informationen \u00fcber unsere Nutzer, w\u00e4hrend wir zugleich f\u00fcr Transparenz und gegenseitiges Vertrauen sorgen. Wir sammeln kein \u00dcberma\u00df an Daten. Wir legen Dritten gegen\u00fcber keinerlei Informationen \u00fcber unsere Nutzer offen. Wir speichern die Daten f\u00fcr eine k\u00fcnftige Nutzung \u2013 falls erforderlich \u2013 in unseren eigenen Datenbanken. Wir d\u00fcrfen diese Informationen Regulierungsbeh\u00f6rden gegen\u00fcber offenlegen, wenn diese eine Offenlegung im Rahmen einer gerichtlichen Untersuchung fordern.<\/p>\n<p>Sie k\u00f6nnen die Erstellung von Cookies verhindern, indem Sie in Ihrem Browser die entsprechenden Einstellungen vornehmen. Dadurch k\u00f6nnen Sie die Website allerdings nicht in vollem Umfang nutzen.<\/p>\n<p>Wir bitten Sie, Cookies zuzulassen, damit eine bestm\u00f6gliche Interaktion zwischen dem Nutzer und der Website erfolgen kann.<\/p>\n<p>&nbsp;<\/p>\n<h2>Von uns gesammelte Daten<\/h2>\n<p>Besucht ein Nutzer unsere Website, sammeln wir viele verschiedene Daten, einschlie\u00dflich:<\/p>\n<ul>\n<li>Informationen, die Sie uns ausdr\u00fccklich mitteilen<\/li>\n<li>Informationen \u00fcber Ihre Nutzung der Website<\/li>\n<li>Informationen, die wir von Dritten erhalten<\/li>\n<\/ul>\n<h2>Verwendung und Weitergabe von Daten<\/h2>\n<p>Die von uns gesammelten pers\u00f6nlichen Daten werden, nutzen wir:<\/p>\n<ul>\n<li>F\u00fcr die Bereitstellung von Dienstleistungen, die Sie anfordern;<\/li>\n<li>Um zu verstehen, wie Sie unsere Dienste nutzen, um unseren Interaktionsalgorythmus zu optimieren;<\/li>\n<li>F\u00fcr die Bereitstellung von personalisierten Inhalten;<\/li>\n<li>Zudem beschreiben wir gegebenenfalls unmittelbar vor der Sammlung der Daten, wie diese verwendet werden. Mit Ihrer Zustimmung k\u00f6nnen wir sie auch f\u00fcr andere Zwecke verwenden.<\/li>\n<\/ul>\n<p>Wir k\u00f6nnten diese Informationen offenlegen gegen\u00fcber:<\/p>\n<ul>\n<li>Unternehmen, die RETAL Industries Ltd. angeh\u00f6ren;<\/li>\n<li>Leistungserbringer, die Leistungen im Namen der RETAL Group bereitstellen;<\/li>\n<li>Strafverfolgungsbeh\u00f6rden, sofern wir dazu verpflichtet sind, oder um RETAL Industries Ltd und seine Kunden zu verteidigen.<\/li>\n<\/ul>\n<h2>Ihre Rechte<\/h2>\n<p>Ihre pers\u00f6nlichen Daten d\u00fcrfen ausschlie\u00dflich zu den Zwecken, f\u00fcr die sie gesammelt wurden, verwendet werden. Sie k\u00f6nnen Ihre Zustimmung zur Sammlung Ihrer Daten jederzeit widerrufen. Sie k\u00f6nnen einen diesbez\u00fcglichen Antrag an die auf der Website angegeben Kontaktdaten senden. Nach dem Widerruf Ihrer Zustimmung haben Sie jedoch auf einige Inhalte der Website keinen Zugriff mehr.<\/p>\n<p>Sie haben das Recht darauf, Informationen \u00fcber die von dieser Website gesammelten Daten anzufordern. Bitte senden Sie Ihren schriftlichen Antrag an die auf der Website angegeben Kontaktdaten und geben Sie den konkreten Gegenstand bekannt, \u00fcber den Sie Daten zur Verf\u00fcgung gestellt haben.<\/p>\n<p>Sie haben auch das gesetzliche Recht, Ihre pers\u00f6nlichen Informationen zu \u00e4ndern oder zu l\u00f6schen und die Verarbeitung und Weitergabe Ihrer pers\u00f6nlichen Informationen zu untersagen. Sie k\u00f6nnen einen Antrag an die auf der Website angegeben Kontaktdaten senden. Sie k\u00f6nnen bei Ihren nationalen Regulierungsbeh\u00f6rden auch eine Beschwerde betreffend die unrechtm\u00e4\u00dfige Nutzung Ihrer pers\u00f6nlichen Daten einreichen.<\/p>\n<h2>Speicherung von pers\u00f6nlichen Daten und Weitergabe pers\u00f6nlicher Daten an andere L\u00e4nder<\/h2>\n<p>Wir speichern Ihre pers\u00f6nlichen Informationen in unserem IT-System, das sich in der Europ\u00e4ischen Union befindet. Ihre pers\u00f6nlichen Daten k\u00f6nnen gem\u00e4\u00df unseren Datenschutzbestimmungen zur Verarbeitung und Speicherung, jedoch auch an andere L\u00e4nder weitergegeben werden, um Ihnen unsere Produkte und Dienstleistungen bereitstellen zu k\u00f6nnen. Die Richtlinien zur Datenspeicherung einiger dieser L\u00e4nder k\u00f6nnen von jenen in Ihrem Land abweichen. Durch die Nutzung unserer Produkte und Dienstleistungen stimmen Sie der Weitergabe von Daten an diese L\u00e4nder zu. In \u00dcbereinstimmung mit den \u00f6rtlichen Gesetzen haften wir f\u00fcr die Sicherheit Ihrer pers\u00f6nlichen Daten.<\/p>\n<h2>Automatisierter Entscheidungsmechanismus<\/h2>\n<p>Die Website nutzt einen automatisierten Entscheidungsmechanismus f\u00fcr die Lokalisierung des Nutzerstandortes. Sie haben das Recht, die Nutzung Ihrer pers\u00f6nlichen Daten zu untersagen. Bitte senden Sie Ihren schriftlichen Antrag an die auf der Website angegeben Kontaktdaten.<\/p>\n<h2>\u00c4nderungen der Datenschutzbestimmungen<\/h2>\n<p>Diese Datenschutzbestimmungen k\u00f6nnen von Zeit zu Zeit aktualisiert werden, weshalb wir Ihnen empfehlen, diese zu \u00fcberpr\u00fcfen, wann immer Sie pers\u00f6nliche Daten an RETAL Industries Ltd weitergeben oder unsere Website besuchen. Das Datum der letzten Aktualisierung k\u00f6nnen Sie auf dieser Seite sehen. Sollten Sie den aktualisierten Datenschutzbestimmungen nicht zustimmen, besuchen Sie die Website von RETAL Industries Ltd bitte nicht mehr und\/oder stellen Sie RETAL Industries Ltd keine pers\u00f6nlichen Daten mehr zur Verf\u00fcgung. Werden an den Datenschutzbestimmungen wesentliche \u00c4nderungen vorgenommen, informieren wir Sie \u00fcber eine Bekanntmachung auf unserer Website.<\/p>\n<p>&nbsp;<\/p>\n","protected":false},"excerpt":{"rendered":"<p>Cookies Um die h\u00f6chsten Qualit\u00e4ts-und Servicestandards bieten zu k\u00f6nnen, sammeln wir bestimmte Informationen \u00fcber unsere Nutzer, w\u00e4hrend wir zugleich f\u00fcr Transparenz und gegenseitiges Vertrauen sorgen. Wir sammeln kein \u00dcberma\u00df an Daten. Wir legen Dritten gegen\u00fcber keinerlei Informationen \u00fcber unsere Nutzer offen. Wir speichern die Daten f\u00fcr eine k\u00fcnftige Nutzung \u2013 falls erforderlich \u2013 in unseren [&hellip;]<\/p>\n","protected":false},"author":1,"featured_media":0,"parent":0,"menu_order":126,"comment_status":"closed","ping_status":"closed","template":"","meta":{"footnotes":""},"class_list":["post-6236","page","type-page","status-publish","hentry"],"acf":[],"_links":{"self":[{"href":"https:\/\/www.retalgroup.com\/de\/wp-json\/wp\/v2\/pages\/6236","targetHints":{"allow":["GET"]}}],"collection":[{"href":"https:\/\/www.retalgroup.com\/de\/wp-json\/wp\/v2\/pages"}],"about":[{"href":"https:\/\/www.retalgroup.com\/de\/wp-json\/wp\/v2\/types\/page"}],"author":[{"embeddable":true,"href":"https:\/\/www.retalgroup.com\/de\/wp-json\/wp\/v2\/users\/1"}],"replies":[{"embeddable":true,"href":"https:\/\/www.retalgroup.com\/de\/wp-json\/wp\/v2\/comments?post=6236"}],"version-history":[{"count":1,"href":"https:\/\/www.retalgroup.com\/de\/wp-json\/wp\/v2\/pages\/6236\/revisions"}],"predecessor-version":[{"id":6370,"href":"https:\/\/www.retalgroup.com\/de\/wp-json\/wp\/v2\/pages\/6236\/revisions\/6370"}],"wp:attachment":[{"href":"https:\/\/www.retalgroup.com\/de\/wp-json\/wp\/v2\/media?parent=6236"}],"curies":[{"name":"wp","href":"https:\/\/api.w.org\/{rel}","templated":true}]}}