{"id":6742,"date":"2018-05-10T08:09:24","date_gmt":"2018-05-10T06:09:24","guid":{"rendered":"http:\/\/www.retalgroup.com\/politica-integrada\/"},"modified":"2022-11-09T11:58:36","modified_gmt":"2022-11-09T09:58:36","slug":"politica-integrada","status":"publish","type":"page","link":"https:\/\/www.retalgroup.com\/de\/politica-integrada\/","title":{"rendered":"Pol\u00edtica integrada"},"content":{"rendered":"<h4>POL\u00cdTICA INTEGRADA DE CALIDAD Y SEGURIDAD ALIMENTARIA<\/h4>\n<p>La Pol\u00edtica Integrada de RETAL Iberia S.L.U., empresa dedicada a la fabricaci\u00f3n y venta de preformas PET, en cumplimiento con los sistemas de calidad y seguridad alimentaria de las normas UNE-EN ISO 9.001, UNE- EN ISO 22.000 y FSSC Packaging-ISO 22.002-4 and Additional requirements 22.003, se fomenta en los siguientes principios:<\/p>\n<p>&nbsp;<\/p>\n<h4><strong>CLIENTE-LEGALIDAD-INOCUIDAD-PRODUCTO-PERSONAL-TECNOLOG\u00cdA-GRUPO<\/strong><\/h4>\n<ul>\n<li>El compromiso de la Direcci\u00f3n de cumplir con todos los requisitos legales y reglamentarios aplicables, as\u00ed como requisitos de cliente y partes interesadas, con la obtenci\u00f3n de la conformidad del producto y satisfacci\u00f3n de cada uno de nuestros clientes<\/li>\n<li>El control de materias primas, producto, embalajes, la planificaci\u00f3n de procesos, la manipulaci\u00f3n y preservaci\u00f3n, deben asegurar la calidad e inocuidad del producto, as\u00ed como la realizaci\u00f3n y cumplimiento de los prerrequisitos establecidos<\/li>\n<li>La homologaci\u00f3n de proveedores debe asegurar la conformidad de las materias primas seg\u00fan requisitos de seguridad alimentaria y requisitos espec\u00edficos de cliente; as\u00ed como los servicios subcontratados en cuanto a cumplimiento legal.<\/li>\n<li>La capacitaci\u00f3n, motivaci\u00f3n e implicaci\u00f3n del personal en los procesos, el cumplimiento de buenas pr\u00e1cticas de manipulaci\u00f3n, la pol\u00edtica, concienciaci\u00f3n y orientaci\u00f3n de la empresa, deben minimizar incidencias y costes a todas las partes interesadas externas e internas definidas en nuestro contexto para nuestra mejora continua<\/li>\n<li>La Direcci\u00f3n prioriza la formaci\u00f3n t\u00e9cnica y de gesti\u00f3n del personal, as\u00ed como la incentivaci\u00f3n del trabajo en equipo intra e interdepartamental, bas\u00e1ndose en el an\u00e1lisis de riesgos enfocado a los procesos<\/li>\n<li>La renovaci\u00f3n, ampliaci\u00f3n, adaptaci\u00f3n y mantenimiento de los equipos e instalaciones deben proporcionar mejora del rendimiento, reducci\u00f3n de costes energ\u00e9ticos y adecuaci\u00f3n a la normativa vigente; as\u00ed como priorizar la consecuci\u00f3n de las acciones determinadas seg\u00fan an\u00e1lisis de riesgos<\/li>\n<li>La interacci\u00f3n con el Grupo Retal con el prop\u00f3sito de definir un plan estrat\u00e9gico com\u00fan, teniendo en cuenta las necesidades establecidas en nuestro an\u00e1lisis de riesgos, enfocado a la consecuci\u00f3n de objetivos pactados.<\/li>\n<\/ul>\n<h4>\u00a0<\/h4>\n<h4><strong>POL\u00cdTICA energ\u00e9tica<\/strong><\/h4>\n<p>La Pol\u00edtica energ\u00e9tica de RETAL Iberia S.L.U., empresa dedicada a la fabricaci\u00f3n y venta de preformas PET, en cumplimiento con el sistema de gesti\u00f3n de la energ\u00eda basado en la norma UNE-EN ISO 50.001-2018 se fomenta en los siguientes principios:<\/p>\n<h4>\u00a0<\/h4>\n<h4><strong>EFICIENCIA-IMPACTO AMBIENTAL-MEJORA CONTINUA<\/strong><\/h4>\n<p>El compromiso de la Direcci\u00f3n de cumplir con todos los requisitos legales y reglamentarios aplicables relacionados con la eficiencia energ\u00e9tica, el uso y el consumo de la energ\u00eda, as\u00ed como requisitos del grupo y otras partes interesadas. Adem\u00e1s, nos comprometemos a:<\/p>\n<ul>\n<li>Reducir la intensidad energ\u00e9tica de nuestra actividad<\/li>\n<li>Reducir el impacto ambiental de las emisiones de CO2 generadas a consecuencia de nuestro consumo.<\/li>\n<\/ul>\n<ul>\n<li>Asegurar los recursos econ\u00f3micos, humanos y financieros necesarios para alcanzar los objetivos y metas.<\/li>\n<li>Garantizar la disponibilidad de informaci\u00f3n para alcanzar los objetivos y las metas energ\u00e9ticas<\/li>\n<li>La mejora continua del desempe\u00f1o energ\u00e9tico y del Sistema de gesti\u00f3n de la energ\u00eda.<\/li>\n<li>Apoyar las actividades de dise\u00f1o que consideran la mejora del desempe\u00f1o energ\u00e9tico.<\/li>\n<li>Apoyar la adquisici\u00f3n de productos y servicios eficientes energ\u00e9ticamente que tengan impacto sobre el desempe\u00f1o energ\u00e9tico.<\/li>\n<li>La homologaci\u00f3n de proveedores debe asegurar su compromiso seg\u00fan requisitos de ahorro energ\u00e9tico y cumplimiento legal de los servicios subcontratados; as\u00ed como el cumplimiento de las buenas pr\u00e1cticas energ\u00e9ticas a nuestros colaboradores.<\/li>\n<li>La capacitaci\u00f3n, motivaci\u00f3n e implicaci\u00f3n del personal en los procesos, para difundir una cultura de ahorro entre los trabajadores, fomentando la sensibilizaci\u00f3n y participaci\u00f3n, incidencias y costes a todas las partes interesadas externas e internas definidas en nuestro contexto para nuestra mejora continua<\/li>\n<li>Priorizar la formaci\u00f3n t\u00e9cnica y de gesti\u00f3n del personal, as\u00ed como la incentivaci\u00f3n del trabajo en equipo intra e interdepartamental, bas\u00e1ndose en el an\u00e1lisis de riesgos enfocado a los procesos<\/li>\n<li>La renovaci\u00f3n, ampliaci\u00f3n, adaptaci\u00f3n y mantenimiento de los equipos e instalaciones deben proporcionar mejora del rendimiento, reducci\u00f3n de costes energ\u00e9ticos y adecuaci\u00f3n a la normativa vigente; as\u00ed como priorizar la consecuci\u00f3n de las acciones determinadas seg\u00fan an\u00e1lisis de riesgos<\/li>\n<li>La interacci\u00f3n con el Grupo Retal con el prop\u00f3sito de definir un plan estrat\u00e9gico com\u00fan, teniendo en cuenta las necesidades establecidas en nuestro an\u00e1lisis de riesgos, enfocado a la consecuci\u00f3n de objetivos pactados.<\/li>\n<\/ul>\n<p>Por todo ello la Direcci\u00f3n de Retal Iberia, con el soporte del grupo Retal, se compromete a hacer efectivo el cumplimiento de todo lo expuesto en esta pol\u00edtica con el fin de obtener la mejora continua, desarrollando objetivos energ\u00e9ticos para su control y verificaci\u00f3n.\u00a0<br \/>\nEsta pol\u00edtica ser\u00e1 revisada anualmente y actualizada, siempre que el enfoque de su misi\u00f3n lo requiera.<\/p>\n<p><em>Sant Feliu de Buixalleu, a 08 de Noviembre de 2022<\/em><\/p>\n","protected":false},"excerpt":{"rendered":"<p>POL\u00cdTICA INTEGRADA DE CALIDAD Y SEGURIDAD ALIMENTARIA La Pol\u00edtica Integrada de RETAL Iberia S.L.U., empresa dedicada a la fabricaci\u00f3n y venta de preformas PET, en cumplimiento con los sistemas de calidad y seguridad alimentaria de las normas UNE-EN ISO 9.001, UNE- EN ISO 22.000 y FSSC Packaging-ISO 22.002-4 and Additional requirements 22.003, se fomenta en [&hellip;]<\/p>\n","protected":false},"author":1,"featured_media":0,"parent":0,"menu_order":83,"comment_status":"closed","ping_status":"closed","template":"","meta":{"footnotes":""},"class_list":["post-6742","page","type-page","status-publish","hentry"],"acf":[],"_links":{"self":[{"href":"https:\/\/www.retalgroup.com\/de\/wp-json\/wp\/v2\/pages\/6742","targetHints":{"allow":["GET"]}}],"collection":[{"href":"https:\/\/www.retalgroup.com\/de\/wp-json\/wp\/v2\/pages"}],"about":[{"href":"https:\/\/www.retalgroup.com\/de\/wp-json\/wp\/v2\/types\/page"}],"author":[{"embeddable":true,"href":"https:\/\/www.retalgroup.com\/de\/wp-json\/wp\/v2\/users\/1"}],"replies":[{"embeddable":true,"href":"https:\/\/www.retalgroup.com\/de\/wp-json\/wp\/v2\/comments?post=6742"}],"version-history":[{"count":2,"href":"https:\/\/www.retalgroup.com\/de\/wp-json\/wp\/v2\/pages\/6742\/revisions"}],"predecessor-version":[{"id":10056,"href":"https:\/\/www.retalgroup.com\/de\/wp-json\/wp\/v2\/pages\/6742\/revisions\/10056"}],"wp:attachment":[{"href":"https:\/\/www.retalgroup.com\/de\/wp-json\/wp\/v2\/media?parent=6742"}],"curies":[{"name":"wp","href":"https:\/\/api.w.org\/{rel}","templated":true}]}}