{"id":6087,"date":"2022-01-26T00:02:25","date_gmt":"2022-01-25T22:02:25","guid":{"rendered":"http:\/\/www.retalgroup.com\/condiciones-de-uso\/"},"modified":"2022-01-26T00:09:28","modified_gmt":"2022-01-25T22:09:28","slug":"terms-of-use","status":"publish","type":"page","link":"https:\/\/www.retalgroup.com\/es\/terms-of-use\/","title":{"rendered":"Condiciones de uso"},"content":{"rendered":"<h2>Informaci\u00f3n general<\/h2>\n<p>Este sitio est\u00e1 administrado por RETAL Industries Ltd., empresa registrada en la Rep\u00fablica de Chipre con n\u00famero de registro NE115887 y domicilio social en Epimitheos, 6 Industrial Area A 3056, Limassol, Chipre. Todos los derechos son propiedad de RETAL Industries Ltd. <\/p>\n<p>Las referencias al grupo RETAL se entienden como las empresas que pertenecen o est\u00e1n controladas por RETAL Industries Limited (Chipre) (\u00abEmpresas de RETAL\u00bb) y otras empresas (\u00abSocios de RETAL\u00bb) que fabrican o comercializan envases de pl\u00e1stico y ofrecen servicios a las empresas del grupo RETAL o a sus clientes bajo el nombre \u00abRETAL\u00bb, o que colaboran con Empresas de RETAL.<\/p>\n<p>Las normas y condiciones descritas a continuaci\u00f3n se consideran un acuerdo de usuario legalmente vinculante. Si no est\u00e1 de acuerdo con estas condiciones, no utilice este sitio web con ning\u00fan fin. El uso que hace de este sitio web debe estar basado en la aceptaci\u00f3n de todas las disposiciones que se describen a continuaci\u00f3n. <\/p>\n<h2>Copyright<\/h2>\n<p>El dise\u00f1o, los materiales y las im\u00e1genes de este sitio web est\u00e1n protegidos por derechos de autor y no pueden utilizarse son el consentimiento expreso por escrito de RETAL Industries Ltd. <\/p>\n<h2>Responsabilidad por los materiales y los v\u00ednculos<\/h2>\n<p>La informaci\u00f3n que aparece en este sitio web se comprueba y actualiza de forma continua. Sin embargo, es posible que parte de esta informaci\u00f3n no est\u00e9 actualizada o sea incompleta o incorrecta. En la medida en que se especifique en la legislaci\u00f3n vigente, RETAL Industries Ltd. no se hace responsable ni realiza garant\u00eda alguna en cuanto a la integridad, correcci\u00f3n o accesibilidad de la informaci\u00f3n que aparece en este sitio web. Los visitantes que utilicen la informaci\u00f3n que aparece en este sitio web lo hacen bajo su responsabilidad. <\/p>\n<p>Los materiales que aparecen en este sitio web tambi\u00e9n incluyen v\u00ednculos a sitios web externos que no est\u00e1n controlados por RETAL Industries Ltd. Por ello, RETAL Industries Ltd., no se hace responsable ni realiza garant\u00eda alguna en cuanto a los materiales disponibles a trav\u00e9s de estos v\u00ednculos externos. En el momento en que los v\u00ednculos se incluyeron en el sitio web, se realiz\u00f3 una comprobaci\u00f3n en busca de posibles infracciones de la ley. Si RETAL Industries Ltd. tuviera conocimiento de que los sitios web externos infringen la ley, retirar\u00e1 los v\u00ednculos con car\u00e1cter inmediato.<\/p>\n<h2>Cambios y actualizaciones<\/h2>\n<p> RETAL Industries Ltd. se reserva el derecho a modificar o actualizar el sitio web seg\u00fan su propio criterio y sin previo aviso.<\/p>\n<h2>Disposiciones finales<\/h2>\n<p>Cualquier reclamaci\u00f3n o acci\u00f3n en contra de este sitio web y su uso se regir\u00e1 e interpretar\u00e1 seg\u00fan las leyes de Chipre, con exclusi\u00f3n expresa de las normas del derecho internacional privado.<\/p>\n","protected":false},"excerpt":{"rendered":"<p>Informaci\u00f3n general Este sitio est\u00e1 administrado por RETAL Industries Ltd., empresa registrada en la Rep\u00fablica de Chipre con n\u00famero de registro NE115887 y domicilio social en Epimitheos, 6 Industrial Area A 3056, Limassol, Chipre. Todos los derechos son propiedad de RETAL Industries Ltd. Las referencias al grupo RETAL se entienden como las empresas que pertenecen [&hellip;]<\/p>\n","protected":false},"author":1,"featured_media":0,"parent":0,"menu_order":194,"comment_status":"closed","ping_status":"closed","template":"","meta":{"footnotes":""},"class_list":["post-6087","page","type-page","status-publish","hentry"],"acf":[],"_links":{"self":[{"href":"https:\/\/www.retalgroup.com\/es\/wp-json\/wp\/v2\/pages\/6087","targetHints":{"allow":["GET"]}}],"collection":[{"href":"https:\/\/www.retalgroup.com\/es\/wp-json\/wp\/v2\/pages"}],"about":[{"href":"https:\/\/www.retalgroup.com\/es\/wp-json\/wp\/v2\/types\/page"}],"author":[{"embeddable":true,"href":"https:\/\/www.retalgroup.com\/es\/wp-json\/wp\/v2\/users\/1"}],"replies":[{"embeddable":true,"href":"https:\/\/www.retalgroup.com\/es\/wp-json\/wp\/v2\/comments?post=6087"}],"version-history":[{"count":1,"href":"https:\/\/www.retalgroup.com\/es\/wp-json\/wp\/v2\/pages\/6087\/revisions"}],"predecessor-version":[{"id":6093,"href":"https:\/\/www.retalgroup.com\/es\/wp-json\/wp\/v2\/pages\/6087\/revisions\/6093"}],"wp:attachment":[{"href":"https:\/\/www.retalgroup.com\/es\/wp-json\/wp\/v2\/media?parent=6087"}],"curies":[{"name":"wp","href":"https:\/\/api.w.org\/{rel}","templated":true}]}}