{"id":6218,"date":"2022-01-28T19:15:10","date_gmt":"2022-01-28T17:15:10","guid":{"rendered":"http:\/\/www.retalgroup.com\/politica-de-privacidad\/"},"modified":"2022-01-31T12:13:38","modified_gmt":"2022-01-31T10:13:38","slug":"privacy-policy","status":"publish","type":"page","link":"https:\/\/www.retalgroup.com\/es\/privacy-policy\/","title":{"rendered":"Pol\u00edtica de privacidad"},"content":{"rendered":"<h2>Cookies<\/h2>\n<p>Para cumplir con los m\u00e1s altos est\u00e1ndares de calidad y servicio, recopilamos cierta informaci\u00f3n sobre los usuarios a la vez que fomentamos la transparencia y la confianza mutua. No recopilamos m\u00e1s informaci\u00f3n de la que necesitamos. No compartimos la informaci\u00f3n de los usuarios con terceros, sino que la almacenamos en nuestra base de datos para su posterior uso, si fuera necesario. Podemos compartir esta informaci\u00f3n con entidades reguladoras si la solicitaran en casos relacionados con investigaciones judiciales.<\/p>\n<p>Modifique la configuraci\u00f3n de su navegador para rechazar el uso de cookies. Sin embargo, tenga en cuenta que, si lo hace, es posible que no pueda utilizar todas las funciones del sitio web.<\/p>\n<p>Para facilitar la mejor interacci\u00f3n entre el usuario y el sitio web, recomendamos aceptar las cookies.<\/p>\n<p>&nbsp;<\/p>\n<h2>Informaci\u00f3n que recopilamos<\/h2>\n<p>Cuando un usuario visita nuestro sitio web, recopilamos informaci\u00f3n de distinto tipo, por ejemplo:<\/p>\n<ul>\n<li>la informaci\u00f3n que nos proporciona de forma expl\u00edcita;<\/li>\n<li>informaci\u00f3n acerca del uso que hace del sitio web;<\/li>\n<li>la informaci\u00f3n que recibimos de terceros.<\/li>\n<\/ul>\n<h2>Uso y divulgaci\u00f3n de la informaci\u00f3n<\/h2>\n<p>Utilizamos la informaci\u00f3n que recopilamos sobre usted para:<\/p>\n<ul>\n<li>Ofrecerle los servicios que solicita;<\/li>\n<li>Saber c\u00f3mo utiliza nuestros servicios y mejorar el algoritmo de interacci\u00f3n;<\/li>\n<li>Ofrecerle contenido personalizado.<\/li>\n<li>Tambi\u00e9n podemos explicar c\u00f3mo utilizaremos la informaci\u00f3n una vez recopilada. Podemos utilizarla con otros fines con su consentimiento.<\/li>\n<\/ul>\n<p>Podemos compartir esta informaci\u00f3n con:<\/p>\n<ul>\n<li>Empresas que forman parte de RETAL Industries Ltd.;<\/li>\n<li>Proveedores de servicio que ofrecen servicios en nombre del grupo RETAL;<\/li>\n<li>Organismos encargados de hacer cumplir la ley, en caso de vernos obligados a ello para defender a RETAL Industries Ltd y a sus clientes.<\/li>\n<\/ul>\n<h2>Sus derechos<\/h2>\n<p>Su informaci\u00f3n personal solo se utilizar\u00e1 con los fines para los que fue recopilada. Tambi\u00e9n puede retirar su consentimiento sobre la recopilaci\u00f3n de la informaci\u00f3n. Para ello, env\u00ede una solicitud a la direcci\u00f3n de contacto que aparece en el sitio web. Sin embargo, tenga en cuenta que una vez que haya retirado su consentimiento, no podr\u00e1 acceder a parte del contenido del sitio web.<\/p>\n<p>Tiene derecho a solicitar informaci\u00f3n acerca de los datos recopilados por este sitio web. Para ello, env\u00ede una solicitud por escrito a la direcci\u00f3n de contacto que aparece en el sitio web e indique el asunto para el cual proporcion\u00f3 la informaci\u00f3n.<\/p>\n<p>Por ley, tambi\u00e9n tiene derecho a modificar o eliminar su informaci\u00f3n personal y rechazar el procesamiento y uso compartido de esta. Para ello, env\u00ede una solicitud a la direcci\u00f3n de contacto que aparece en el sitio web. Tambi\u00e9n puede enviar una reclamaci\u00f3n a las entidades reguladoras de su pa\u00eds si considera que su la informaci\u00f3n personal se ha tratado de forma ileg\u00edtima.<\/p>\n<h2>Almacenamiento de la informaci\u00f3n personal y transferencia a otros pa\u00edses<\/h2>\n<p>Almacenamos su informaci\u00f3n personal en nuestro sistema inform\u00e1tico, que se encuentra en la Uni\u00f3n Europea. Sin embargo, y conforme a nuestra directiva de privacidad, su informaci\u00f3n personal puede transferirse a un pa\u00eds extranjero para su procesamiento y el almacenamiento con el fin de ofrecerle nuestros productos y servicios. Las directivas de almacenamiento de datos de algunos de estos pa\u00edses pueden variar con respecto a las de su pa\u00eds. Al utilizar nuestros productos y servicios, da su consentimiento para que su informaci\u00f3n se transfiera a estos pa\u00edses. Nos hacemos responsables de proteger su informaci\u00f3n personal de acuerdo con la legislaci\u00f3n local.<\/p>\n<h2>Toma de decisiones autom\u00e1tica<\/h2>\n<p>Este sitio web cuenta con un mecanismo de toma de decisiones autom\u00e1tica que se utiliza para determinar la ubicaci\u00f3n del usuario. Tiene derecho a prohibir la utilizaci\u00f3n de su informaci\u00f3n personal. Para ello, env\u00ede una solicitud por escrito a la direcci\u00f3n de contacto que aparece en el sitio web.<\/p>\n<h2>Actualizaciones de la pol\u00edtica de privacidad<\/h2>\n<p>Esta pol\u00edtica de privacidad puede actualizarse en cualquier momento por lo que recomendamos revisarla cada vez que facilite informaci\u00f3n personal a RETAL Industries Ltd. o visite nuestro sitio web. En esta p\u00e1gina puede ver la fecha de la \u00faltima actualizaci\u00f3n. Si no est\u00e1 de acuerdo con las actualizaciones de la pol\u00edtica de privacidad, no utilice el sitio web de RETAL Industries Ltd. o no facilite informaci\u00f3n personal a RETAL Industries Ltd. Si los cambios en la pol\u00edtica de privacidad fueran sustanciales, ver\u00e1 un aviso en el sitio web.<\/p>\n","protected":false},"excerpt":{"rendered":"<p>Cookies Para cumplir con los m\u00e1s altos est\u00e1ndares de calidad y servicio, recopilamos cierta informaci\u00f3n sobre los usuarios a la vez que fomentamos la transparencia y la confianza mutua. No recopilamos m\u00e1s informaci\u00f3n de la que necesitamos. No compartimos la informaci\u00f3n de los usuarios con terceros, sino que la almacenamos en nuestra base de datos [&hellip;]<\/p>\n","protected":false},"author":1,"featured_media":0,"parent":0,"menu_order":125,"comment_status":"closed","ping_status":"closed","template":"","meta":{"footnotes":""},"class_list":["post-6218","page","type-page","status-publish","hentry"],"acf":[],"_links":{"self":[{"href":"https:\/\/www.retalgroup.com\/es\/wp-json\/wp\/v2\/pages\/6218","targetHints":{"allow":["GET"]}}],"collection":[{"href":"https:\/\/www.retalgroup.com\/es\/wp-json\/wp\/v2\/pages"}],"about":[{"href":"https:\/\/www.retalgroup.com\/es\/wp-json\/wp\/v2\/types\/page"}],"author":[{"embeddable":true,"href":"https:\/\/www.retalgroup.com\/es\/wp-json\/wp\/v2\/users\/1"}],"replies":[{"embeddable":true,"href":"https:\/\/www.retalgroup.com\/es\/wp-json\/wp\/v2\/comments?post=6218"}],"version-history":[{"count":1,"href":"https:\/\/www.retalgroup.com\/es\/wp-json\/wp\/v2\/pages\/6218\/revisions"}],"predecessor-version":[{"id":6368,"href":"https:\/\/www.retalgroup.com\/es\/wp-json\/wp\/v2\/pages\/6218\/revisions\/6368"}],"wp:attachment":[{"href":"https:\/\/www.retalgroup.com\/es\/wp-json\/wp\/v2\/media?parent=6218"}],"curies":[{"name":"wp","href":"https:\/\/api.w.org\/{rel}","templated":true}]}}