{"id":6227,"date":"2022-01-28T19:16:26","date_gmt":"2022-01-28T17:16:26","guid":{"rendered":"http:\/\/www.retalgroup.com\/politique-de-confidentialite\/"},"modified":"2022-01-31T12:14:11","modified_gmt":"2022-01-31T10:14:11","slug":"privacy-policy","status":"publish","type":"page","link":"https:\/\/www.retalgroup.com\/fr\/privacy-policy\/","title":{"rendered":"Politique de confidentialit\u00e9"},"content":{"rendered":"<h2>Cookies<\/h2>\n<p>Afin de conserver la qualit\u00e9 et les normes de services les plus \u00e9lev\u00e9es, nous recueillons certaines informations concernant nos utilisateurs, tout en conservant une transparence et confiance mutuelle. Nous ne recueillons pas d&rsquo;informations excessives. Nous ne partageons pas les informations de nos utilisateurs avec des tiers. Nous les conservons dans nos bases de donn\u00e9es pour un usage ult\u00e9rieur, si n\u00e9cessaire. Nous sommes tenus de partager ces informations avec les autorit\u00e9s, si elles nous sont r\u00e9clam\u00e9es dans le cadre d&rsquo;une enqu\u00eate judiciaire.<\/p>\n<p>Vous pouvez refuser la cr\u00e9ation de cookies en modifiant les param\u00e8tres de votre navigateur s&rsquo;y rapportant. Il est cependant possible que cela vous emp\u00eache d&rsquo;utiliser toutes les fonctionnalit\u00e9s de notre site.<\/p>\n<p>Pour simplifier l&rsquo;interaction entre un utilisateur et le site, il est possible que nous vous demandions d&rsquo;activer les cookies.<\/p>\n<p>&nbsp;<\/p>\n<h2>Informations collect\u00e9es<\/h2>\n<p>Lors de la visite d&rsquo;un utilisateur, nous recueillons les informations suivantes:<\/p>\n<ul>\n<li>Informations que vous nous fournissez explicitement<\/li>\n<li>Informations concernant l&rsquo;utilisation que vous faites de notre site<\/li>\n<li>Informations que nous recevons de tiers.<\/li>\n<\/ul>\n<h2>Utilisation et partage d&rsquo;informations<\/h2>\n<p>Nous utilisons les informations recueillies pour:<\/p>\n<ul>\n<li>Vous fournir les services que vous demandez;<\/li>\n<li>Comprendre comment vous utilisez nos services pour am\u00e9liorer notre algorithme d&rsquo;interaction;<\/li>\n<li>Vous proposer un contenu personnalis\u00e9;<\/li>\n<li>En outre, il est possible que nous vous indiquions l&rsquo;utilisation qui sera faite de vos informations au moment de les recueillir. Avec votre autorisation, nous pourrons les utiliser \u00e0 d&rsquo;autres fins.<\/li>\n<\/ul>\n<p>Nous pouvons partager ces informations avec:<\/p>\n<ul>\n<li>Des entreprises appartenant \u00e0 RETAL Industries Ltd;<\/li>\n<li>Des prestataires de services travaillant pour le compte de RETAL Group;<\/li>\n<li>Tout organisme charg\u00e9 de faire appliquer la loi, si nous nous trouvons sous l&rsquo;obligation de d\u00e9fendre RETAL Industries Ltd et ses clients.<\/li>\n<\/ul>\n<h2>Vos droits<\/h2>\n<p>Vos informations personnelles ne peuvent \u00eatre utilis\u00e9es qu&rsquo;aux fins pour lesquelles elles ont \u00e9t\u00e9 recueillies. Vous pouvez revenir sur votre autorisation de collecte des donn\u00e9es \u00e0 tout moment. Vous pouvez envoyer cette demande \u00e0 l&rsquo;adresse indiqu\u00e9e sur le site. Attention, une fois votre autorisation invalid\u00e9e, il est possible que vous n&rsquo;ayez plus acc\u00e8s \u00e0 certains contenus du site.<\/p>\n<p>Vous avez le droit de demander des renseignements concernant les donn\u00e9es recueillies par ce site. Veuillez envoyer votre demande \u00e9crite \u00e0 l&rsquo;adresse indiqu\u00e9e sur le site en pr\u00e9cisant le sujet pour lequel vous avez fourni des informations.<\/p>\n<p>Vous avez le droit l\u00e9gal de modifier ou de supprimer vos informations personnelles et de refuser leur traitement et partage. Vous pouvez envoyer une demande \u00e0 l&rsquo;adresse indiqu\u00e9e sur le site. Vous pouvez aussi pr\u00e9senter une plainte pour utilisation ill\u00e9gale de donn\u00e9es priv\u00e9es aux autorit\u00e9s de votre pays.<\/p>\n<h2>Conservation et transfert d&rsquo;informations personnelles \u00e0 d&rsquo;autres pays<\/h2>\n<p>Nous conservons vos informations personnelles dans notre syst\u00e8me informatique, situ\u00e9 dans l&rsquo;Union Europ\u00e9enne. En revanche, vos informations personnelles peuvent \u00eatre transf\u00e9r\u00e9es \u00e0 un pays \u00e9tranger pour traitement et stockage, conform\u00e9ment \u00e0 notre Politique de confidentialit\u00e9, afin de vous fournir produits et services. La politique de conservation des donn\u00e9es de certains de ces pays peuvent varier de celle de votre pays. En utilisant nos services et produits, vous acceptez le transfert de vos informations \u00e0 ces pays. Nous assumons l&rsquo;enti\u00e8re responsabilit\u00e9 de la protection de vos informations personnelles conform\u00e9ment aux lois locales.<\/p>\n<h2>Prise de d\u00e9cision automatique<\/h2>\n<p>Ce site utilise un m\u00e9canisme de prise de d\u00e9cision automatique, afin de d\u00e9terminer l&#8217;emplacement de l&rsquo;utilisateur. Vous avez le droit d&rsquo;interdire l&rsquo;utilisation de vos informations personnelles. Veuillez envoyer votre demande \u00e9crite \u00e0 l&rsquo;adresse indiqu\u00e9e sur le site.<\/p>\n<h2>Mises \u00e0 jour de la politique de confidentialit\u00e9<\/h2>\n<p>Cette politique de confidentialit\u00e9 est susceptible d&rsquo;\u00eatre mise \u00e0 jour de temps \u00e0 autre, vous pouvez donc la consulter \u00e0 chaque fois que vous fournissez des informations personnelles \u00e0 RETAL Industries Ltd ou que vous visitez notre site. La date de la derni\u00e8re mise \u00e0 jour sera affich\u00e9e sur cette page. Si vous n&rsquo;acceptez pas la mise \u00e0 jour de la politique de confidentialit\u00e9, veuillez cesser d&rsquo;utiliser le site internet de RETAL Industries Ltd et\/ou de fournir des informations personnelles \u00e0 RETAL Industries Ltd.<\/p>\n","protected":false},"excerpt":{"rendered":"<p>Cookies Afin de conserver la qualit\u00e9 et les normes de services les plus \u00e9lev\u00e9es, nous recueillons certaines informations concernant nos utilisateurs, tout en conservant une transparence et confiance mutuelle. Nous ne recueillons pas d&rsquo;informations excessives. Nous ne partageons pas les informations de nos utilisateurs avec des tiers. Nous les conservons dans nos bases de donn\u00e9es [&hellip;]<\/p>\n","protected":false},"author":1,"featured_media":0,"parent":0,"menu_order":124,"comment_status":"closed","ping_status":"closed","template":"","meta":{"footnotes":""},"class_list":["post-6227","page","type-page","status-publish","hentry"],"acf":[],"_links":{"self":[{"href":"https:\/\/www.retalgroup.com\/fr\/wp-json\/wp\/v2\/pages\/6227","targetHints":{"allow":["GET"]}}],"collection":[{"href":"https:\/\/www.retalgroup.com\/fr\/wp-json\/wp\/v2\/pages"}],"about":[{"href":"https:\/\/www.retalgroup.com\/fr\/wp-json\/wp\/v2\/types\/page"}],"author":[{"embeddable":true,"href":"https:\/\/www.retalgroup.com\/fr\/wp-json\/wp\/v2\/users\/1"}],"replies":[{"embeddable":true,"href":"https:\/\/www.retalgroup.com\/fr\/wp-json\/wp\/v2\/comments?post=6227"}],"version-history":[{"count":1,"href":"https:\/\/www.retalgroup.com\/fr\/wp-json\/wp\/v2\/pages\/6227\/revisions"}],"predecessor-version":[{"id":6369,"href":"https:\/\/www.retalgroup.com\/fr\/wp-json\/wp\/v2\/pages\/6227\/revisions\/6369"}],"wp:attachment":[{"href":"https:\/\/www.retalgroup.com\/fr\/wp-json\/wp\/v2\/media?parent=6227"}],"curies":[{"name":"wp","href":"https:\/\/api.w.org\/{rel}","templated":true}]}}